{"id":490,"date":"2022-01-16T17:53:34","date_gmt":"2022-01-16T16:53:34","guid":{"rendered":"https:\/\/impresadonna.artemide.org\/?page_id=490"},"modified":"2022-03-30T17:32:56","modified_gmt":"2022-03-30T15:32:56","slug":"come-accedere-ai-contributi-del-fondo","status":"publish","type":"page","link":"https:\/\/impresadonna.artemide.org\/?page_id=490","title":{"rendered":"Come accedere ai contributi del Fondo per l&#8217;imprenditorialit\u00e0 femminile"},"content":{"rendered":"\n<p><strong>A partire dal 5 maggio <\/strong>sar\u00e0 possibile compilare i moduli online per l&#8217;invio delle domande di agevolazione per le nuove attivit\u00e0 imprenditoriali femminili; dal 19 maggio sar\u00e0 possibile inviare la domanda. Per le iniziative relative ad attivit\u00e0 gi\u00e0 operative da pi\u00f9 di un anno, la domanda potr\u00e0 essere compilata online a partire dal 24 maggio, l&#8217;invio a partire dal 7 giugno. <\/p>\n\n\n\n<p class=\"has-black-color has-text-color\">Le agevolazioni saranno concesse sulla base di una procedura valutativa con procedimento a sportello: la piattaforma rester\u00e0 aperta per sessanta giorni, le domande saranno istruite secondo l&#8217;ordine cronologico ma <strong>valutate con un punteggio di merito della proposta imprenditoriale<\/strong> che dovr\u00e0 superare la soglia minima stabilita dal decreto.<\/p>\n\n\n\n<p>La domanda dovr\u00e0 contenere<\/p>\n\n\n\n<ul class=\"wp-block-list\"><li>Dati e profilo dell\u2019impresa richiedente<\/li><li>Descrizione della attivit\u00e0<\/li><li>Analisi del mercato e relative strategie<\/li><li>Aspetti tecnico-produttivi e organizzativi<\/li><li>Aspetti economico-finanziari<\/li><\/ul>\n\n\n\n<h4 class=\"has-text-color has-background wp-block-heading\" style=\"background-color:#fff3e4;color:#a40000\">Siamo pronti a trasformare il tuo progetto di investimento in realt\u00e0<\/h4>\n\n\n\n<p><strong>Fissa un appuntamento gratuito con uno dei nostri consulenti esperti in finanza agevolata: <a href=\"https:\/\/impresadonna.artemide.org\/?page_id=350\" data-type=\"page\" data-id=\"350\">clicca qui<\/a><\/strong><\/p>\n","protected":false},"excerpt":{"rendered":"<p>A partire dal 5 maggio sar\u00e0 possibile compilare i moduli online per l&#8217;invio delle domande di agevolazione per le nuove attivit\u00e0 imprenditoriali femminili; dal 19 maggio sar\u00e0 possibile inviare la domanda. Per le iniziative relative ad attivit\u00e0 gi\u00e0 operative da pi\u00f9 di un anno, la domanda potr\u00e0 essere compilata online a partire dal 24 maggio, [&hellip;]<\/p>\n","protected":false},"author":1,"featured_media":0,"parent":0,"menu_order":0,"comment_status":"closed","ping_status":"closed","template":"","meta":{"footnotes":""},"class_list":["post-490","page","type-page","status-publish","czr-hentry"],"jetpack_sharing_enabled":true,"jetpack-related-posts":[],"_links":{"self":[{"href":"https:\/\/impresadonna.artemide.org\/index.php?rest_route=\/wp\/v2\/pages\/490"}],"collection":[{"href":"https:\/\/impresadonna.artemide.org\/index.php?rest_route=\/wp\/v2\/pages"}],"about":[{"href":"https:\/\/impresadonna.artemide.org\/index.php?rest_route=\/wp\/v2\/types\/page"}],"author":[{"embeddable":true,"href":"https:\/\/impresadonna.artemide.org\/index.php?rest_route=\/wp\/v2\/users\/1"}],"replies":[{"embeddable":true,"href":"https:\/\/impresadonna.artemide.org\/index.php?rest_route=%2Fwp%2Fv2%2Fcomments&post=490"}],"version-history":[{"count":8,"href":"https:\/\/impresadonna.artemide.org\/index.php?rest_route=\/wp\/v2\/pages\/490\/revisions"}],"predecessor-version":[{"id":542,"href":"https:\/\/impresadonna.artemide.org\/index.php?rest_route=\/wp\/v2\/pages\/490\/revisions\/542"}],"wp:attachment":[{"href":"https:\/\/impresadonna.artemide.org\/index.php?rest_route=%2Fwp%2Fv2%2Fmedia&parent=490"}],"curies":[{"name":"wp","href":"https:\/\/api.w.org\/{rel}","templated":true}]}}