{"id":397,"date":"2022-01-15T16:29:50","date_gmt":"2022-01-15T15:29:50","guid":{"rendered":"https:\/\/impresadonna.artemide.org\/?page_id=397"},"modified":"2022-03-30T17:30:09","modified_gmt":"2022-03-30T15:30:09","slug":"iniziative-avviate-da-piu-di-tre-anni","status":"publish","type":"page","link":"https:\/\/impresadonna.artemide.org\/?page_id=397","title":{"rendered":"Iniziative avviate da pi\u00f9 di tre anni"},"content":{"rendered":"\n<h4 class=\"has-background wp-block-heading\" style=\"background-color:#fff3e4\"><strong>Il Fondo per l&#8217;imprenditorialit\u00e0 femminile sostiene il consolidamento di iniziative di imprenditorialit\u00e0 femminile: se hai una attivit\u00e0 avviata da oltre 36 mesi, ecco quali sono gli incentivi a disposizione.<\/strong><\/h4>\n\n\n\n<p><strong>Per le imprese femminili<em> <\/em>costituite da pi\u00f9 di 36 mesi<\/strong> alla data di presentazione della domanda di agevolazione sono previsti:<\/p>\n\n\n\n<ul class=\"wp-block-list\"><li>per le spese di investimento<ul><li>un contributo a fondo perduto del 50%, che quindi non deve essere restituito<\/li><li>un finanziamento agevolato per il restante 50% a tasso zero<\/li><\/ul><\/li><li>per le esigenze di capitale circolante<ul><li>un contributo a fondo perduto del 50%.<\/li><\/ul><\/li><\/ul>\n\n\n\n<p>Le percentuali di intensit\u00e0 delle agevolazioni si calcolano sull&#8217;80% del totale delle spese ammissibili.<\/p>\n\n\n\n<p>Il Fondo incentiva progetti di investimenti che possono arrivare <strong>fino a 400mila euro<\/strong> di spese.<\/p>\n\n\n\n<h3 class=\"wp-block-heading\"><mark style=\"background-color:rgba(0, 0, 0, 0);color:#a40000\" class=\"has-inline-color\">Spese ammissibili<\/mark><\/h3>\n\n\n\n<p>La misura \u00e8 applicabile sulle seguenti tipologie di spesa:<\/p>\n\n\n\n<ul class=\"wp-block-list\"><li>attrezzature,\u00a0impianti e macchinari, incluse le spese connesse alla installazione<\/li><li>opere edili nel limite del 30% del programma di spesa agevolabile<\/li><li>strutture mobili e prefabbricati a servizio esclusivo della attivit\u00e0 agevolata purch\u00e9 amovibili e funzionali al raggiungimento degli obiettivi del programma agevolato<\/li><li>immobilizzazioni immateriali: spese per acquisizione di brevetti, programmi informatici e soluzioni tecnologiche (es. progettazione e sviluppo di software applicativi, piattaforme digitali, app, soluzioni digitali per i prodotti e i servizi offerti, cybersecurity, sviluppo di portali web anche a solo scopo promozionale&#8230;)<\/li><li>servizi cloud<\/li><li>personale dipendente impiegato funzionalmente alla realizzazione della iniziativa agevolata;<\/li><li>esigenze di capitale circolante (materie prime, materiali di consumo, servizi, spese di affitto della sede aziendale, canoni di leasing e noleggio relativi a impianti, macchinari e attrezzature&#8230;).\u00a0<\/li><\/ul>\n\n\n\n<p>\u00c8 ammessa la spesa relativa all&#8217;acquisto di automezzi strettamente necessari al processo produttivo dell&#8217;impresa nonch\u00e9 quelli attrezzati per la conservazione condizionata dei prodotti aziendali e in relazione al mero trasporto degli stessi.<\/p>\n\n\n\n<p>In ogni caso sono ammissibili soltanto le spese sostenute successivamente alla data di presentazione della domanda.<\/p>\n\n\n\n<h3 class=\"has-text-color wp-block-heading\" style=\"color:#a40000\">Erogazione delle agevolazioni<\/h3>\n\n\n\n<p>Il contributo viene erogato come segue:<\/p>\n\n\n\n<ul class=\"wp-block-list\"><li>anticipazione del 20% all&#8217;atto dell&#8217;ammissione del progetto;<\/li><li>acconti successivi a stato di avanzamento lavori di importo non inferiore al 40% e non superiore all&#8217;80% <\/li><li>saldo finale<\/li><\/ul>\n\n\n\n<h3 class=\"has-text-color wp-block-heading\" style=\"color:#a40000\">Beneficiarie<\/h3>\n\n\n\n<p>Le tipologie di <em><strong>Impresa femminile<\/strong><\/em> ammesse ai fini della possibilit\u00e0 di accesso al Fondo sono le seguenti:<\/p>\n\n\n\n<ol class=\"wp-block-list\"><li>la <strong>lavoratrice autonoma<\/strong>;<\/li><li>l\u2019<strong>impresa individuale<\/strong> la cui titolare \u00e8 una donna;<\/li><li>la <strong>societ\u00e0 cooperativa<\/strong> e la <strong>societ\u00e0 di persone<\/strong> in cui il numero di donne socie rappresenti almeno il 60 per cento dei componenti la compagine sociale;<\/li><li>la <strong>societ\u00e0 di capitale<\/strong> le cui quote di partecipazione spettino in misura non inferiore ai due terzi a donne e i cui organi di amministrazione siano costituiti per almeno i due terzi da donne<em>.&nbsp;<\/em><\/li><\/ol>\n\n\n\n<h5 class=\"has-background wp-block-heading\" style=\"background-color:#fff3e4\">Per sapere come accedere al contributo agevolato del Fondo per l&#8217;imprenditoria femminile <a href=\"https:\/\/impresadonna.artemide.org\/?page_id=490\">clicca qui<\/a>.<\/h5>\n","protected":false},"excerpt":{"rendered":"<p>Il Fondo per l&#8217;imprenditorialit\u00e0 femminile sostiene il consolidamento di iniziative di imprenditorialit\u00e0 femminile: se hai una attivit\u00e0 avviata da oltre 36 mesi, ecco quali sono gli incentivi a disposizione. Per le imprese femminili costituite da pi\u00f9 di 36 mesi alla data di presentazione della domanda di agevolazione sono previsti: per le spese di investimento un [&hellip;]<\/p>\n","protected":false},"author":1,"featured_media":0,"parent":0,"menu_order":0,"comment_status":"closed","ping_status":"closed","template":"","meta":{"footnotes":""},"class_list":["post-397","page","type-page","status-publish","czr-hentry"],"jetpack_sharing_enabled":true,"jetpack-related-posts":[],"_links":{"self":[{"href":"https:\/\/impresadonna.artemide.org\/index.php?rest_route=\/wp\/v2\/pages\/397"}],"collection":[{"href":"https:\/\/impresadonna.artemide.org\/index.php?rest_route=\/wp\/v2\/pages"}],"about":[{"href":"https:\/\/impresadonna.artemide.org\/index.php?rest_route=\/wp\/v2\/types\/page"}],"author":[{"embeddable":true,"href":"https:\/\/impresadonna.artemide.org\/index.php?rest_route=\/wp\/v2\/users\/1"}],"replies":[{"embeddable":true,"href":"https:\/\/impresadonna.artemide.org\/index.php?rest_route=%2Fwp%2Fv2%2Fcomments&post=397"}],"version-history":[{"count":4,"href":"https:\/\/impresadonna.artemide.org\/index.php?rest_route=\/wp\/v2\/pages\/397\/revisions"}],"predecessor-version":[{"id":540,"href":"https:\/\/impresadonna.artemide.org\/index.php?rest_route=\/wp\/v2\/pages\/397\/revisions\/540"}],"wp:attachment":[{"href":"https:\/\/impresadonna.artemide.org\/index.php?rest_route=%2Fwp%2Fv2%2Fmedia&parent=397"}],"curies":[{"name":"wp","href":"https:\/\/api.w.org\/{rel}","templated":true}]}}