{"id":388,"date":"2022-01-15T16:19:04","date_gmt":"2022-01-15T15:19:04","guid":{"rendered":"https:\/\/impresadonna.artemide.org\/?page_id=388"},"modified":"2022-03-30T17:33:02","modified_gmt":"2022-03-30T15:33:02","slug":"neonate-o-nuove","status":"publish","type":"page","link":"https:\/\/impresadonna.artemide.org\/?page_id=388","title":{"rendered":"Attivit\u00e0 economiche nuove o da avviare"},"content":{"rendered":"\n<h4 class=\"has-background wp-block-heading\" style=\"background-color:#fff3e4\"><strong>Il Fondo per l&#8217;imprenditorialit\u00e0 femminile sostiene l&#8217;avvio o il consolidamento di iniziative di imprenditorialit\u00e0 femminile: se hai una idea per avviare una nuova attivit\u00e0 o se hai una attivit\u00e0 avviata da meno di dodici mesi, ecco quali sono gli incentivi a disposizione.<\/strong><\/h4>\n\n\n\n<p>Per progetti di investimento che prevedono spese <strong>fino a 100mila euro<\/strong> il Fondo mette a disposizione un contributo a fondo perduto (che quindi non deve essere restituito) fino all&#8217;80% con un massimo di 50mila euro.<\/p>\n\n\n\n<p>Nel caso di una iniziativa avviata da una disoccupata il contributo a fondo perduto arriva <strong>fino al 90%<\/strong> delle spese previste dall&#8217;investimento.<\/p>\n\n\n\n<figure class=\"wp-block-table is-style-stripes\"><table><thead><tr><th class=\"has-text-align-left\" data-align=\"left\">Tipologia di intervento<\/th><th class=\"has-text-align-center\" data-align=\"center\">Spese previste<\/th><th class=\"has-text-align-center\" data-align=\"center\">Contributo ottenibile<\/th><\/tr><\/thead><tbody><tr><td class=\"has-text-align-left\" data-align=\"left\">Nuova attivit\u00e0 su iniziativa di una disoccupata<\/td><td class=\"has-text-align-center\" data-align=\"center\">55.556\u20ac<\/td><td class=\"has-text-align-center\" data-align=\"center\"><strong>50.000\u20ac<\/strong><\/td><\/tr><tr><td class=\"has-text-align-left\" data-align=\"left\">Nuova iniziativa su iniziativa di donne non disoccupate<\/td><td class=\"has-text-align-center\" data-align=\"center\">62.500\u20ac<\/td><td class=\"has-text-align-center\" data-align=\"center\"><meta charset=\"utf-8\"><strong>50.000\u20ac<\/strong><\/td><\/tr><\/tbody><\/table><\/figure>\n\n\n\n<p>Per progetti di investimento da 100mila a 250mila euro il contributo a fondo perduto \u00e8 del 50% delle spese ammissibili.<\/p>\n\n\n\n<h3 class=\"wp-block-heading\"><mark style=\"background-color:rgba(0, 0, 0, 0);color:#a40000\" class=\"has-inline-color\">Spese ammissibili<\/mark><\/h3>\n\n\n\n<p>La misura \u00e8 applicabile sulle seguenti tipologie di spesa:<\/p>\n\n\n\n<ul class=\"wp-block-list\"><li>attrezzature,\u00a0impianti e macchinari, incluse le spese connesse alla installazione<\/li><li>opere edili nel limite del 30% del programma di spesa agevolabile<\/li><li>strutture mobili e prefabbricati a servizio esclusivo della attivit\u00e0 agevolata purch\u00e9 amovibili e funzionali al raggiungimento degli obiettivi del programma agevolato<\/li><li>immobilizzazioni immateriali: spese per acquisizione di brevetti, programmi informatici e soluzioni tecnologiche (es. progettazione e sviluppo di software applicativi, piattaforme digitali, app, soluzioni digitali per i prodotti e i servizi offerti, cybersecurity, sviluppo di portali web anche a solo scopo promozionale&#8230;)<\/li><li>servizi cloud<\/li><li>personale dipendente impiegato funzionalmente alla realizzazione della iniziativa agevolata;<\/li><li>esigenze di capitale circolante (materie prime, materiali di consumo, servizi, spese di affitto della sede aziendale, canoni di leasing e noleggio relativi a impianti, macchinari e attrezzature&#8230;).\u00a0<\/li><\/ul>\n\n\n\n<p>\u00c8 ammessa la spesa relativa all&#8217;acquisto di automezzi strettamente necessari al processo produttivo dell&#8217;impresa nonch\u00e9 quelli attrezzati per la conservazione condizionata dei prodotti aziendali e in relazione al mero trasporto degli stessi.<\/p>\n\n\n\n<p>In ogni caso sono ammissibili soltanto le spese sostenute successivamente alla data di presentazione della domanda.<\/p>\n\n\n\n<h3 class=\"has-text-color wp-block-heading\" style=\"color:#a40000\">Erogazione delle agevolazioni<\/h3>\n\n\n\n<p>Il contributo viene erogato come segue:<\/p>\n\n\n\n<ul class=\"wp-block-list\"><li>anticipazione del 20% all&#8217;atto dell&#8217;ammissione del progetto;<\/li><li>acconti successivi a stato di avanzamento lavori di importo non inferiore al 40% e non superiore all&#8217;80% <\/li><li>saldo finale<\/li><\/ul>\n\n\n\n<h3 class=\"has-text-color wp-block-heading\" style=\"color:#a40000\">Beneficiarie<\/h3>\n\n\n\n<p>Le tipologie di <em><strong>Impresa femminile<\/strong><\/em> ammesse ai fini della possibilit\u00e0 di accesso al Fondo sono le seguenti:<\/p>\n\n\n\n<ol class=\"wp-block-list\"><li>la <strong>lavoratrice autonoma<\/strong>;<\/li><li>l\u2019<strong>impresa individuale<\/strong> la cui titolare \u00e8 una donna;<\/li><li>la <strong>societ\u00e0 cooperativa<\/strong> e la <strong>societ\u00e0 di persone<\/strong> in cui il numero di donne socie rappresenti almeno il 60 per cento dei componenti la compagine sociale;<\/li><li>la <strong>societ\u00e0 di capitale<\/strong> le cui quote di partecipazione spettino in misura non inferiore ai due terzi a donne e i cui organi di amministrazione siano costituiti per almeno i due terzi da donne<em>.&nbsp;<\/em><\/li><\/ol>\n\n\n\n<h5 class=\"has-background wp-block-heading\" style=\"background-color:#fff3e4\">Per sapere come accedere al contributo agevolato del Fondo per l&#8217;imprenditoria femminile <a href=\"https:\/\/impresadonna.artemide.org\/?page_id=490\">clicca qui<\/a>.<\/h5>\n\n\n\n<p><\/p>\n","protected":false},"excerpt":{"rendered":"<p>Il Fondo per l&#8217;imprenditorialit\u00e0 femminile sostiene l&#8217;avvio o il consolidamento di iniziative di imprenditorialit\u00e0 femminile: se hai una idea per avviare una nuova attivit\u00e0 o se hai una attivit\u00e0 avviata da meno di dodici mesi, ecco quali sono gli incentivi a disposizione. Per progetti di investimento che prevedono spese fino a 100mila euro il Fondo [&hellip;]<\/p>\n","protected":false},"author":1,"featured_media":0,"parent":0,"menu_order":0,"comment_status":"closed","ping_status":"closed","template":"","meta":{"footnotes":""},"class_list":["post-388","page","type-page","status-publish","czr-hentry"],"jetpack_sharing_enabled":true,"jetpack-related-posts":[],"_links":{"self":[{"href":"https:\/\/impresadonna.artemide.org\/index.php?rest_route=\/wp\/v2\/pages\/388"}],"collection":[{"href":"https:\/\/impresadonna.artemide.org\/index.php?rest_route=\/wp\/v2\/pages"}],"about":[{"href":"https:\/\/impresadonna.artemide.org\/index.php?rest_route=\/wp\/v2\/types\/page"}],"author":[{"embeddable":true,"href":"https:\/\/impresadonna.artemide.org\/index.php?rest_route=\/wp\/v2\/users\/1"}],"replies":[{"embeddable":true,"href":"https:\/\/impresadonna.artemide.org\/index.php?rest_route=%2Fwp%2Fv2%2Fcomments&post=388"}],"version-history":[{"count":26,"href":"https:\/\/impresadonna.artemide.org\/index.php?rest_route=\/wp\/v2\/pages\/388\/revisions"}],"predecessor-version":[{"id":537,"href":"https:\/\/impresadonna.artemide.org\/index.php?rest_route=\/wp\/v2\/pages\/388\/revisions\/537"}],"wp:attachment":[{"href":"https:\/\/impresadonna.artemide.org\/index.php?rest_route=%2Fwp%2Fv2%2Fmedia&parent=388"}],"curies":[{"name":"wp","href":"https:\/\/api.w.org\/{rel}","templated":true}]}}